{"id":3326,"date":"2022-06-22T15:24:20","date_gmt":"2022-06-22T15:24:20","guid":{"rendered":"https:\/\/gestion-mcm-pre.host3ip.eu\/?post_type=product&#038;p=3326"},"modified":"2022-06-23T02:00:45","modified_gmt":"2022-06-23T02:00:45","slug":"tramits-generals-de-contingencies-professionals-i-contingencies-comunes","status":"publish","type":"product","link":"https:\/\/gestion-mcm-dev.host3ip.eu\/ca\/product\/tramits-generals-de-contingencies-professionals-i-contingencies-comunes\/","title":{"rendered":"Tr\u00e0mits generals de Conting\u00e8ncies Professionals i Conting\u00e8ncies Comunes"},"content":{"rendered":"<p>Quan un treballador pateix un accident de treball o b\u00e9 \u00e9s donat de baixa pel seu metge de fam\u00edlia, sorgeix l&#8217;obligaci\u00f3 de fer una s\u00e8rie de tr\u00e0mits administratius amb la M\u00fatua d&#8217;Accidents de Treball i Malalties Professionals de la Seguretat Social. L\u00b4objectiu d\u00b4aquest curs \u00e9s estudiar com es duen a terme aquests tr\u00e0mits amb MC MUTUAL , de manera que l\u00b4empresa mutualista o col\u00b7laborador conegui com actuar en cadascuna d\u00b4aquestes situacions.<\/p>\n","protected":false},"excerpt":{"rendered":"<p>Quan un treballador pateix un accident de treball o b\u00e9 \u00e9s donat de baixa pel seu metge de fam\u00edlia, sorgeix l&#8217;obligaci\u00f3 de fer una s\u00e8rie de tr\u00e0mits administratius amb la M\u00fatua d&#8217;Accidents de Treball i Malalties Professionals de la Seguretat Social. L\u00b4objectiu d\u00b4aquest curs \u00e9s estudiar com es duen a terme aquests tr\u00e0mits amb MC [&hellip;]<\/p>\n","protected":false},"featured_media":2974,"template":"","meta":{"_acf_changed":false},"product_brand":[],"product_cat":[183],"product_tag":[],"class_list":{"0":"post-3326","1":"product","2":"type-product","3":"status-publish","4":"has-post-thumbnail","6":"product_cat-tramites-con-la-mutua","8":"first","9":"instock","10":"virtual","11":"sold-individually","12":"purchasable","13":"product-type-simple"},"acf":[],"_links":{"self":[{"href":"https:\/\/gestion-mcm-dev.host3ip.eu\/ca\/wp-json\/wp\/v2\/product\/3326","targetHints":{"allow":["GET"]}}],"collection":[{"href":"https:\/\/gestion-mcm-dev.host3ip.eu\/ca\/wp-json\/wp\/v2\/product"}],"about":[{"href":"https:\/\/gestion-mcm-dev.host3ip.eu\/ca\/wp-json\/wp\/v2\/types\/product"}],"wp:featuredmedia":[{"embeddable":true,"href":"https:\/\/gestion-mcm-dev.host3ip.eu\/ca\/wp-json\/wp\/v2\/media\/2974"}],"wp:attachment":[{"href":"https:\/\/gestion-mcm-dev.host3ip.eu\/ca\/wp-json\/wp\/v2\/media?parent=3326"}],"wp:term":[{"taxonomy":"product_brand","embeddable":true,"href":"https:\/\/gestion-mcm-dev.host3ip.eu\/ca\/wp-json\/wp\/v2\/product_brand?post=3326"},{"taxonomy":"product_cat","embeddable":true,"href":"https:\/\/gestion-mcm-dev.host3ip.eu\/ca\/wp-json\/wp\/v2\/product_cat?post=3326"},{"taxonomy":"product_tag","embeddable":true,"href":"https:\/\/gestion-mcm-dev.host3ip.eu\/ca\/wp-json\/wp\/v2\/product_tag?post=3326"}],"curies":[{"name":"wp","href":"https:\/\/api.w.org\/{rel}","templated":true}]}}