{"id":3325,"date":"2022-06-20T07:38:50","date_gmt":"2022-06-20T07:38:50","guid":{"rendered":"https:\/\/gestion-mcm-pre.host3ip.eu\/?post_type=product&#038;p=3325"},"modified":"2022-06-23T02:00:45","modified_gmt":"2022-06-23T02:00:45","slug":"sequeles-dun-accident-laboral-o-malaltia-professional","status":"publish","type":"product","link":"https:\/\/gestion-mcm-dev.host3ip.eu\/ca\/product\/sequeles-dun-accident-laboral-o-malaltia-professional\/","title":{"rendered":"Seq\u00fceles d&#8217;un accident laboral o malaltia professional"},"content":{"rendered":"<p>Aquest curs pret\u00e9n formar les empreses i els despatxos professionals en aquells conceptes rellevants en la gesti\u00f3 de seq\u00fceles derivades de l&#8217;accident de treball o malaltia professional.<\/p>\n","protected":false},"excerpt":{"rendered":"<p>Aquest curs pret\u00e9n formar les empreses i els despatxos professionals en aquells conceptes rellevants en la gesti\u00f3 de seq\u00fceles derivades de l&#8217;accident de treball o malaltia professional.<\/p>\n","protected":false},"featured_media":2283,"template":"","meta":{"_acf_changed":false},"product_brand":[],"product_cat":[183],"product_tag":[],"class_list":{"0":"post-3325","1":"product","2":"type-product","3":"status-publish","4":"has-post-thumbnail","6":"product_cat-tramites-con-la-mutua","8":"first","9":"instock","10":"virtual","11":"sold-individually","12":"purchasable","13":"product-type-simple"},"acf":[],"_links":{"self":[{"href":"https:\/\/gestion-mcm-dev.host3ip.eu\/ca\/wp-json\/wp\/v2\/product\/3325","targetHints":{"allow":["GET"]}}],"collection":[{"href":"https:\/\/gestion-mcm-dev.host3ip.eu\/ca\/wp-json\/wp\/v2\/product"}],"about":[{"href":"https:\/\/gestion-mcm-dev.host3ip.eu\/ca\/wp-json\/wp\/v2\/types\/product"}],"wp:featuredmedia":[{"embeddable":true,"href":"https:\/\/gestion-mcm-dev.host3ip.eu\/ca\/wp-json\/wp\/v2\/media\/2283"}],"wp:attachment":[{"href":"https:\/\/gestion-mcm-dev.host3ip.eu\/ca\/wp-json\/wp\/v2\/media?parent=3325"}],"wp:term":[{"taxonomy":"product_brand","embeddable":true,"href":"https:\/\/gestion-mcm-dev.host3ip.eu\/ca\/wp-json\/wp\/v2\/product_brand?post=3325"},{"taxonomy":"product_cat","embeddable":true,"href":"https:\/\/gestion-mcm-dev.host3ip.eu\/ca\/wp-json\/wp\/v2\/product_cat?post=3325"},{"taxonomy":"product_tag","embeddable":true,"href":"https:\/\/gestion-mcm-dev.host3ip.eu\/ca\/wp-json\/wp\/v2\/product_tag?post=3325"}],"curies":[{"name":"wp","href":"https:\/\/api.w.org\/{rel}","templated":true}]}}