{"id":3324,"date":"2022-06-22T15:10:57","date_gmt":"2022-06-22T15:10:57","guid":{"rendered":"https:\/\/gestion-mcm-pre.host3ip.eu\/?post_type=product&#038;p=3324"},"modified":"2022-06-23T02:00:45","modified_gmt":"2022-06-23T02:00:45","slug":"prestacio-de-risc-durant-lembaras-o-la-lactancia-natural","status":"publish","type":"product","link":"https:\/\/gestion-mcm-dev.host3ip.eu\/ca\/product\/prestacio-de-risc-durant-lembaras-o-la-lactancia-natural\/","title":{"rendered":"Prestaci\u00f3 de risc durant l&#8217;embar\u00e0s o la lact\u00e0ncia natural"},"content":{"rendered":"<p>Amb l&#8217;entrada en vigor del Reial decret 295\/2009, de 6 de mar\u00e7, l&#8217;acci\u00f3 protectora de la Seguretat Social ha introdu\u00eft importants modificacions en la prestaci\u00f3 per risc durant l&#8217;embar\u00e0s i ha incorporat una nova prestaci\u00f3 en el cas de risc durant la lact\u00e0ncia natural , amb la finalitat de millorar la integraci\u00f3 de la dona a l&#8217;\u00e0mbit laboral i afavorir la conciliaci\u00f3 de la vida laboral i familiar.<\/p>\n","protected":false},"excerpt":{"rendered":"<p>Amb l&#8217;entrada en vigor del Reial decret 295\/2009, de 6 de mar\u00e7, l&#8217;acci\u00f3 protectora de la Seguretat Social ha introdu\u00eft importants modificacions en la prestaci\u00f3 per risc durant l&#8217;embar\u00e0s i ha incorporat una nova prestaci\u00f3 en el cas de risc durant la lact\u00e0ncia natural , amb la finalitat de millorar la integraci\u00f3 de la dona [&hellip;]<\/p>\n","protected":false},"featured_media":2970,"template":"","meta":{"_acf_changed":false},"product_brand":[],"product_cat":[183],"product_tag":[],"class_list":{"0":"post-3324","1":"product","2":"type-product","3":"status-publish","4":"has-post-thumbnail","6":"product_cat-tramites-con-la-mutua","8":"first","9":"instock","10":"virtual","11":"sold-individually","12":"purchasable","13":"product-type-simple"},"acf":[],"_links":{"self":[{"href":"https:\/\/gestion-mcm-dev.host3ip.eu\/ca\/wp-json\/wp\/v2\/product\/3324","targetHints":{"allow":["GET"]}}],"collection":[{"href":"https:\/\/gestion-mcm-dev.host3ip.eu\/ca\/wp-json\/wp\/v2\/product"}],"about":[{"href":"https:\/\/gestion-mcm-dev.host3ip.eu\/ca\/wp-json\/wp\/v2\/types\/product"}],"wp:featuredmedia":[{"embeddable":true,"href":"https:\/\/gestion-mcm-dev.host3ip.eu\/ca\/wp-json\/wp\/v2\/media\/2970"}],"wp:attachment":[{"href":"https:\/\/gestion-mcm-dev.host3ip.eu\/ca\/wp-json\/wp\/v2\/media?parent=3324"}],"wp:term":[{"taxonomy":"product_brand","embeddable":true,"href":"https:\/\/gestion-mcm-dev.host3ip.eu\/ca\/wp-json\/wp\/v2\/product_brand?post=3324"},{"taxonomy":"product_cat","embeddable":true,"href":"https:\/\/gestion-mcm-dev.host3ip.eu\/ca\/wp-json\/wp\/v2\/product_cat?post=3324"},{"taxonomy":"product_tag","embeddable":true,"href":"https:\/\/gestion-mcm-dev.host3ip.eu\/ca\/wp-json\/wp\/v2\/product_tag?post=3324"}],"curies":[{"name":"wp","href":"https:\/\/api.w.org\/{rel}","templated":true}]}}