{"id":3323,"date":"2022-06-22T15:25:11","date_gmt":"2022-06-22T15:25:11","guid":{"rendered":"https:\/\/gestion-mcm-pre.host3ip.eu\/?post_type=product&#038;p=3323"},"modified":"2022-06-28T10:52:58","modified_gmt":"2022-06-28T10:52:58","slug":"prestacio-dincapacitat-laboral-pagament-directe","status":"publish","type":"product","link":"https:\/\/gestion-mcm-dev.host3ip.eu\/ca\/product\/prestacio-dincapacitat-laboral-pagament-directe\/","title":{"rendered":"Prestaci\u00f3 d&#8217;incapacitat laboral. Pagament Directe"},"content":{"rendered":"<p>La prestaci\u00f3 per incapacitat temporal a qu\u00e8 t\u00e9 dret un treballador, i que \u00e9s a c\u00e0rrec de les m\u00fatues daccident de treball, es pot materialitzar a trav\u00e9s de lempresa, pagament delegat, o directament des de la m\u00fatua al treballador, pagament directe.<br \/>\nEn aquest curs s&#8217;estudiar\u00e0 com es duu a terme la gesti\u00f3 de la prestaci\u00f3 d&#8217;incapacitat temporal en la modalitat de pagament directe amb MC MUTUAL.<\/p>\n","protected":false},"excerpt":{"rendered":"<p>La prestaci\u00f3 per incapacitat temporal a qu\u00e8 t\u00e9 dret un treballador, i que \u00e9s a c\u00e0rrec de les m\u00fatues daccident de treball, es pot materialitzar a trav\u00e9s de lempresa, pagament delegat, o directament des de la m\u00fatua al treballador, pagament directe. En aquest curs s&#8217;estudiar\u00e0 com es duu a terme la gesti\u00f3 de la prestaci\u00f3 [&hellip;]<\/p>\n","protected":false},"featured_media":2281,"template":"","meta":{"_acf_changed":false},"product_brand":[],"product_cat":[183],"product_tag":[],"class_list":{"0":"post-3323","1":"product","2":"type-product","3":"status-publish","4":"has-post-thumbnail","6":"product_cat-tramites-con-la-mutua","8":"first","9":"instock","10":"virtual","11":"sold-individually","12":"purchasable","13":"product-type-simple"},"acf":[],"_links":{"self":[{"href":"https:\/\/gestion-mcm-dev.host3ip.eu\/ca\/wp-json\/wp\/v2\/product\/3323","targetHints":{"allow":["GET"]}}],"collection":[{"href":"https:\/\/gestion-mcm-dev.host3ip.eu\/ca\/wp-json\/wp\/v2\/product"}],"about":[{"href":"https:\/\/gestion-mcm-dev.host3ip.eu\/ca\/wp-json\/wp\/v2\/types\/product"}],"wp:featuredmedia":[{"embeddable":true,"href":"https:\/\/gestion-mcm-dev.host3ip.eu\/ca\/wp-json\/wp\/v2\/media\/2281"}],"wp:attachment":[{"href":"https:\/\/gestion-mcm-dev.host3ip.eu\/ca\/wp-json\/wp\/v2\/media?parent=3323"}],"wp:term":[{"taxonomy":"product_brand","embeddable":true,"href":"https:\/\/gestion-mcm-dev.host3ip.eu\/ca\/wp-json\/wp\/v2\/product_brand?post=3323"},{"taxonomy":"product_cat","embeddable":true,"href":"https:\/\/gestion-mcm-dev.host3ip.eu\/ca\/wp-json\/wp\/v2\/product_cat?post=3323"},{"taxonomy":"product_tag","embeddable":true,"href":"https:\/\/gestion-mcm-dev.host3ip.eu\/ca\/wp-json\/wp\/v2\/product_tag?post=3323"}],"curies":[{"name":"wp","href":"https:\/\/api.w.org\/{rel}","templated":true}]}}