{"id":3322,"date":"2022-06-22T15:25:04","date_gmt":"2022-06-22T15:25:04","guid":{"rendered":"https:\/\/gestion-mcm-pre.host3ip.eu\/?post_type=product&#038;p=3322"},"modified":"2022-06-23T02:00:44","modified_gmt":"2022-06-23T02:00:44","slug":"gestio-de-les-diferencies-en-pagament-delegat","status":"publish","type":"product","link":"https:\/\/gestion-mcm-dev.host3ip.eu\/ca\/product\/gestio-de-les-diferencies-en-pagament-delegat\/","title":{"rendered":"Gesti\u00f3 de les difer\u00e8ncies en pagament delegat"},"content":{"rendered":"<p>Amb l&#8217;entrada en vigor de la Resoluci\u00f3 de 13 d&#8217;abril de 2010 de la Secretaria d&#8217;Estat de la Seguretat Social, s&#8217;estableixen les actuacions de control i verificaci\u00f3 de les compensacions als documents de cotitzaci\u00f3 per pagament delegat de la prestaci\u00f3 d&#8217;incapacitat temporal realitzades per les empreses i, si escau, posterior reclamaci\u00f3.<br \/>\nPer complir les obligacions establertes a l&#8217;esmentat decret, MC MUTUAL ha establert un sistema de gesti\u00f3, en aquest curs s&#8217;analitzar\u00e0 com afecta aquest sistema de gesti\u00f3 el tr\u00e0mit administratiu amb l&#8217;empresa associada.<\/p>\n","protected":false},"excerpt":{"rendered":"<p>Amb l&#8217;entrada en vigor de la Resoluci\u00f3 de 13 d&#8217;abril de 2010 de la Secretaria d&#8217;Estat de la Seguretat Social, s&#8217;estableixen les actuacions de control i verificaci\u00f3 de les compensacions als documents de cotitzaci\u00f3 per pagament delegat de la prestaci\u00f3 d&#8217;incapacitat temporal realitzades per les empreses i, si escau, posterior reclamaci\u00f3. Per complir les obligacions [&hellip;]<\/p>\n","protected":false},"featured_media":2964,"template":"","meta":{"_acf_changed":false},"product_brand":[],"product_cat":[183],"product_tag":[],"class_list":{"0":"post-3322","1":"product","2":"type-product","3":"status-publish","4":"has-post-thumbnail","6":"product_cat-tramites-con-la-mutua","8":"first","9":"instock","10":"virtual","11":"sold-individually","12":"purchasable","13":"product-type-simple"},"acf":[],"_links":{"self":[{"href":"https:\/\/gestion-mcm-dev.host3ip.eu\/ca\/wp-json\/wp\/v2\/product\/3322","targetHints":{"allow":["GET"]}}],"collection":[{"href":"https:\/\/gestion-mcm-dev.host3ip.eu\/ca\/wp-json\/wp\/v2\/product"}],"about":[{"href":"https:\/\/gestion-mcm-dev.host3ip.eu\/ca\/wp-json\/wp\/v2\/types\/product"}],"wp:featuredmedia":[{"embeddable":true,"href":"https:\/\/gestion-mcm-dev.host3ip.eu\/ca\/wp-json\/wp\/v2\/media\/2964"}],"wp:attachment":[{"href":"https:\/\/gestion-mcm-dev.host3ip.eu\/ca\/wp-json\/wp\/v2\/media?parent=3322"}],"wp:term":[{"taxonomy":"product_brand","embeddable":true,"href":"https:\/\/gestion-mcm-dev.host3ip.eu\/ca\/wp-json\/wp\/v2\/product_brand?post=3322"},{"taxonomy":"product_cat","embeddable":true,"href":"https:\/\/gestion-mcm-dev.host3ip.eu\/ca\/wp-json\/wp\/v2\/product_cat?post=3322"},{"taxonomy":"product_tag","embeddable":true,"href":"https:\/\/gestion-mcm-dev.host3ip.eu\/ca\/wp-json\/wp\/v2\/product_tag?post=3322"}],"curies":[{"name":"wp","href":"https:\/\/api.w.org\/{rel}","templated":true}]}}