{"id":3321,"date":"2022-06-20T07:52:43","date_gmt":"2022-06-20T07:52:43","guid":{"rendered":"https:\/\/gestion-mcm-pre.host3ip.eu\/?post_type=product&#038;p=3321"},"modified":"2022-07-27T10:18:27","modified_gmt":"2022-07-27T10:18:27","slug":"declaracio-daccidents-de-treball-i-malalties-professionals","status":"publish","type":"product","link":"https:\/\/gestion-mcm-dev.host3ip.eu\/ca\/product\/declaracio-daccidents-de-treball-i-malalties-professionals\/","title":{"rendered":"Declaraci\u00f3 d&#8217;accidents de treball i malalties professionals"},"content":{"rendered":"<p>La Llei estableix l&#8217;obligatorietat de declarar les conting\u00e8ncies professionals a l&#8217;autoritat laboral, independentment que siguin accidents de treball, malalties professionals, que causin o no baixa m\u00e8dica.<br \/>\nEn aquest curs s&#8217;analitzaran les obligacions que estableix el Ministeri de Treball i Economia Social sobre la comunicaci\u00f3 dels accidents de treball i les malalties professionals, aix\u00ed com qui est\u00e0 obligat a fer aquesta comunicaci\u00f3, el canal a utilitzar, i els terminis reglamentaris per a fer-ho.<\/p>\n","protected":false},"excerpt":{"rendered":"<p>La Llei estableix l&#8217;obligatorietat de declarar les conting\u00e8ncies professionals a l&#8217;autoritat laboral, independentment que siguin accidents de treball, malalties professionals, que causin o no baixa m\u00e8dica. En aquest curs s&#8217;analitzaran les obligacions que estableix el Ministeri de Treball i Economia Social sobre la comunicaci\u00f3 dels accidents de treball i les malalties professionals, aix\u00ed com qui [&hellip;]<\/p>\n","protected":false},"featured_media":2968,"template":"","meta":{"_acf_changed":false},"product_brand":[],"product_cat":[183],"product_tag":[],"class_list":{"0":"post-3321","1":"product","2":"type-product","3":"status-publish","4":"has-post-thumbnail","6":"product_cat-tramites-con-la-mutua","8":"first","9":"instock","10":"virtual","11":"sold-individually","12":"purchasable","13":"product-type-simple"},"acf":[],"_links":{"self":[{"href":"https:\/\/gestion-mcm-dev.host3ip.eu\/ca\/wp-json\/wp\/v2\/product\/3321","targetHints":{"allow":["GET"]}}],"collection":[{"href":"https:\/\/gestion-mcm-dev.host3ip.eu\/ca\/wp-json\/wp\/v2\/product"}],"about":[{"href":"https:\/\/gestion-mcm-dev.host3ip.eu\/ca\/wp-json\/wp\/v2\/types\/product"}],"wp:featuredmedia":[{"embeddable":true,"href":"https:\/\/gestion-mcm-dev.host3ip.eu\/ca\/wp-json\/wp\/v2\/media\/2968"}],"wp:attachment":[{"href":"https:\/\/gestion-mcm-dev.host3ip.eu\/ca\/wp-json\/wp\/v2\/media?parent=3321"}],"wp:term":[{"taxonomy":"product_brand","embeddable":true,"href":"https:\/\/gestion-mcm-dev.host3ip.eu\/ca\/wp-json\/wp\/v2\/product_brand?post=3321"},{"taxonomy":"product_cat","embeddable":true,"href":"https:\/\/gestion-mcm-dev.host3ip.eu\/ca\/wp-json\/wp\/v2\/product_cat?post=3321"},{"taxonomy":"product_tag","embeddable":true,"href":"https:\/\/gestion-mcm-dev.host3ip.eu\/ca\/wp-json\/wp\/v2\/product_tag?post=3321"}],"curies":[{"name":"wp","href":"https:\/\/api.w.org\/{rel}","templated":true}]}}